{"id":2104,"date":"2021-03-23T09:33:48","date_gmt":"2021-03-23T09:33:48","guid":{"rendered":"http:\/\/localhost\/nuss\/?page_id=167"},"modified":"2025-09-25T10:45:39","modified_gmt":"2025-09-25T10:45:39","slug":"nuestra-historia","status":"publish","type":"page","link":"https:\/\/noahotelshanghai.com\/es\/our-story\/","title":{"rendered":"Nuestra historia"},"content":{"rendered":"<div data-elementor-type=\"wp-page\" data-elementor-id=\"2104\" class=\"elementor elementor-2104\">\n\t\t\t\t\t\t<section class=\"elementor-section elementor-top-section elementor-element elementor-element-8f5bb9d elementor-section-boxed elementor-section-gap-beside-yes elementor-section-height-default elementor-section-height-default elementor-section-column-vertical-align-stretch\" data-id=\"8f5bb9d\" data-element_type=\"section\" data-e-type=\"section\">\n\t\t\t\t\t\t<div class=\"elementor-container elementor-column-gap-extended\">\n\t\t\t\t\t<div class=\"elementor-column elementor-col-100 elementor-top-column elementor-element elementor-element-7ec4215\" data-id=\"7ec4215\" data-element_type=\"column\" data-e-type=\"column\">\n\t\t\t<div class=\"elementor-widget-wrap elementor-element-populated\">\n\t\t\t\t\t\t<div class=\"elementor-element elementor-element-edd9d03 elementor-widget__width-initial elementor-invisible elementor-widget elementor-widget-text-editor\" data-id=\"edd9d03\" data-element_type=\"widget\" data-e-type=\"widget\" data-settings=\"{&quot;_animation&quot;:&quot;nussFadeInUp&quot;}\" data-widget_type=\"text-editor.default\">\n\t\t\t\t\t\t\t\t\t<p><strong data-spm-anchor-id=\"a2ty_o01.29997173.0.i72.7a21c921x6tXs6\">Donde el patrimonio se encuentra con la innovaci\u00f3n en el coraz\u00f3n de Shangh\u00e1i<\/strong><\/p>\t\t\t\t\t\t\t\t<\/div>\n\t\t\t\t\t<\/div>\n\t\t<\/div>\n\t\t\t\t\t<\/div>\n\t\t<\/section>\n\t\t<div class=\"elementor-element elementor-element-ae7e42f e-flex e-con-boxed e-con e-parent\" data-id=\"ae7e42f\" data-element_type=\"container\" data-e-type=\"container\">\n\t\t\t\t\t<div class=\"e-con-inner\">\n\t\t\t\t<div class=\"elementor-element elementor-element-136c3a3 elementor-widget elementor-widget-text-editor\" data-id=\"136c3a3\" data-element_type=\"widget\" data-e-type=\"widget\" data-widget_type=\"text-editor.default\">\n\t\t\t\t\t\t\t\t\t<p>Ubicado en el tranquilo pero vibrante tramo de <strong>Calle Wuding en el distrito de Jing&#039;an<\/strong>, <strong>Hotel THE TREASURY\u00b7NOA Shangh\u00e1i \u2013 Templo Jing&#039;an<\/strong> es m\u00e1s que un lugar para descansar; es la encarnaci\u00f3n de una visi\u00f3n: crear un santuario urbano moderno que honre el pasado complejo de Shangh\u00e1i y abrace el futuro con los brazos abiertos. Inaugurado en <strong>2025<\/strong>Nuestro hotel es el resultado de un di\u00e1logo reflexivo entre la arquitectura, la hospitalidad y el ritmo de la vida de la ciudad: un espacio dise\u00f1ado no s\u00f3lo para viajeros, sino para aquellos que buscan significado a su viaje.<\/p><div class=\"my-2\">\u00a0<\/div><p>La historia de THE TREASURY\u00b7NOA comienza con una idea simple pero poderosa: <strong>En una ciudad tan din\u00e1mica como Shangh\u00e1i, el verdadero lujo reside en la quietud.<\/strong>El distrito de Jing&#039;an, que en su d\u00eda alberg\u00f3 mansiones de la \u00e9poca colonial, salones literarios y centros espirituales como el emblem\u00e1tico templo de Jing&#039;an, ha sido durante mucho tiempo una encrucijada de cultura, comercio y contemplaci\u00f3n. Elegimos este barrio no por casualidad, sino con intenci\u00f3n. <strong>969 Wuding Road<\/strong>, justo <strong>A 480 metros de la salida 3 de la estaci\u00f3n de metro de Changping Road<\/strong>Nos encontramos en la intersecci\u00f3n del patrimonio y el ajetreo, donde \u00e1rboles de ginkgo centenarios bordean calles repletas de nuevas empresas tecnol\u00f3gicas, galer\u00edas de arte y tiendas de fideos ocultas.<\/p><div class=\"my-2\">\u00a0<\/div><p>Nuestro nombre refleja esta dualidad. <strong>&quot;Tesorer\u00eda&quot;<\/strong> Habla de la riqueza de la historia de Shanghai: la ciudad como una b\u00f3veda de historias, sabores y sue\u00f1os. <strong>\u201cNOA\u201d<\/strong>Inspirada en la palabra hebrea para &quot;movimiento&quot; o &quot;gracia&quot;, simboliza la fluidez, la innovaci\u00f3n y la serena confianza del dise\u00f1o contempor\u00e1neo. Juntas, forman una promesa: ofrecer a los hu\u00e9spedes una experiencia cuidada, s\u00f3lida y vanguardista.<\/p><div class=\"my-2\">\u00a0<\/div><p>Desde el principio, cada detalle de THE TREASURY\u00b7NOA se dise\u00f1\u00f3 pensando en el ser humano. Rechazamos la idea de que lo nuevo significa impersonal. En cambio, nuestros interiores se fusionan <strong>Tonos de madera c\u00e1lidos, iluminaci\u00f3n ambiental suave, textiles naturales y l\u00edneas minimalistas.<\/strong> para crear habitaciones que se sientan como un respiro de calma despu\u00e9s de un d\u00eda en el torbellino de la ciudad. Ya sea que est\u00e9s en un acogedor... <strong>Habitaci\u00f3n Queen Confort de 18 m\u00b2<\/strong> o un espacioso <strong>Instituto King de 30 m\u00b2<\/strong>Encontrar\u00e1 grandes ventanales que enmarcan el horizonte de Shangh\u00e1i, refrigeradores para sus antojos de medianoche y espacios de trabajo que respetan su necesidad de concentraci\u00f3n, porque creemos que la comodidad debe servir tanto al descanso como al prop\u00f3sito.<\/p><div class=\"my-2\">\u00a0<\/div><p>Pero nuestra historia no se trata solo de est\u00e9tica, se trata de... <strong>gente<\/strong>Desde su llegada, le recibir\u00e1n con una atenci\u00f3n genuina, no con guiones. Nuestro equipo de recepci\u00f3n, disponible las 24 horas, incluye personal tan querido como Xiaozhou (elogiado por los hu\u00e9spedes por extender las salidas tard\u00edas con una sonrisa), y encarna nuestra filosof\u00eda: la hospitalidad como un acto de amabilidad. Incluso nuestros... <strong>robots de servicio<\/strong>, desliz\u00e1ndose silenciosamente por los pasillos, son parte de esta visi\u00f3n: tecnolog\u00eda utilizada no para reemplazar a la humanidad, sino para mejorarla, d\u00e1ndole a nuestro equipo m\u00e1s tiempo para conectarse con usted.<\/p><div class=\"my-2\">\u00a0<\/div><p>Tambi\u00e9n honramos el futuro de los viajes a trav\u00e9s de la sostenibilidad y la inclusi\u00f3n. <strong>Aparcamiento gratuito en el establecimiento<\/strong> (con reserva), <strong>Servicios para ni\u00f1os<\/strong> como juguetes y pantuflas, <strong>espacios de coworking<\/strong>, y un <strong>sala de reuniones multifunci\u00f3n<\/strong> Reflejan nuestro compromiso de servir a viajeros diversos: familias, n\u00f3madas digitales, ejecutivos y exploradores curiosos. Y aunque no tenemos piscina ni gimnasio, invertimos en lo que m\u00e1s importa: <strong>limpieza (calificaci\u00f3n 9,5\/10)<\/strong>, <strong>Ubicaci\u00f3n (9,4\/10)<\/strong>, y <strong>Un servicio que te hace sentir como en casa<\/strong>.<\/p><div class=\"my-2\">\u00a0<\/div><p>Desde su apertura, THE TREASURY\u00b7NOA ha recibido a m\u00e1s de <strong>2.140 invitados<\/strong>, con <strong>65 cr\u00edticas positivas consecutivas<\/strong>\u2014un testimonio silencioso de la confianza que los viajeros depositan en nosotros. Muchos llegan por la comodidad de estar a pasos del metro y a minutos de Nanjing Road o del Templo Jing&#039;an. Pero se quedan m\u00e1s tiempo, regresan y escriben notas emotivas porque han encontrado algo excepcional: un hotel que no solo los aloja, sino que... <em>entiende<\/em> a ellos.<\/p><div class=\"my-2\">\u00a0<\/div><p data-spm-anchor-id=\"a2ty_o01.29997173.0.i73.7a21c921x6tXs6\"><strong>Esta es nuestra historia: no de grandeza, sino de gracia. No de ruido, sino de matices.<\/strong><br \/>En THE TREASURY\u00b7NOA Hotel Shanghai \u2013 Jing&#039;an Temple no solo organizamos su estad\u00eda.<br \/>Le damos la bienvenida a un cap\u00edtulo vivo de la narrativa en constante evoluci\u00f3n de Shanghai.<\/p>\t\t\t\t\t\t\t\t<\/div>\n\t\t\t\t\t<\/div>\n\t\t\t\t<\/div>\n\t\t\t\t<section class=\"elementor-section elementor-top-section elementor-element elementor-element-2a6a79e5 elementor-section-stretched elementor-section-boxed elementor-section-gap-beside-yes elementor-section-height-default elementor-section-height-default elementor-section-column-vertical-align-stretch\" data-id=\"2a6a79e5\" data-element_type=\"section\" data-e-type=\"section\" data-settings=\"{&quot;background_background&quot;:&quot;classic&quot;,&quot;stretch_section&quot;:&quot;section-stretched&quot;}\">\n\t\t\t\t\t\t<div class=\"elementor-container elementor-column-gap-extended\">\n\t\t\t\t\t<div class=\"elementor-column elementor-col-100 elementor-top-column elementor-element elementor-element-606d4659\" data-id=\"606d4659\" data-element_type=\"column\" data-e-type=\"column\">\n\t\t\t<div class=\"elementor-widget-wrap elementor-element-populated\">\n\t\t\t\t\t\t<div class=\"elementor-element elementor-element-50d3ec0b elementor-widget elementor-widget-nuss-heading\" data-id=\"50d3ec0b\" data-element_type=\"widget\" data-e-type=\"widget\" data-widget_type=\"nuss-heading.default\">\n\t\t\t\t<div class=\"elementor-widget-container\">\n\t\t\t\t\t\t\t<div class=\"nuss-modern-heading\">\r\n\t\t\t\t\t\t<div class=\"heading-secondary-wrap\">\r\n\t\t\t\t<h3 class=\"heading-secondary elementor-heading-title\">Consultar disponibilidad <\/h3>\t\t\t<\/div>\r\n\t\t\r\n\t\t\t\r\n\t\t\t\r\n\t\t\t\t\t<\/div>\r\n\t\t\t\t\t<\/div>\n\t\t\t\t<\/div>\n\t\t\t\t<div class=\"elementor-element elementor-element-1f637b48 elementor-widget elementor-widget-text-editor\" data-id=\"1f637b48\" data-element_type=\"widget\" data-e-type=\"widget\" data-widget_type=\"text-editor.default\">\n\t\t\t\t\t\t\t\t\t<iframe border=\"0\" src=\"https:\/\/www.trip.com\/partners\/ad\/S5563063?Allianceid=4590391&#038;SID=262357964&#038;trip_sub1=\" style=\"width:1200px;height:200px\" frameborder=\"0\" scrolling=\"no\" id=\"S5563063\"><\/iframe>\t\t\t\t\t\t\t\t<\/div>\n\t\t\t\t\t<\/div>\n\t\t<\/div>\n\t\t\t\t\t<\/div>\n\t\t<\/section>\n\t\t\t\t<\/div>","protected":false},"excerpt":{"rendered":"<p>Where Heritage Meets Innovation in the Heart of Shanghai Nestled on the quiet yet vibrant stretch of Wuding Road in Jing\u2019an District, THE TREASURY\u00b7NOA Hotel Shanghai \u2013 Jing\u2019an Temple is more than a place to rest\u2014it\u2019s the embodiment of a vision: to create a modern urban sanctuary that honors Shanghai\u2019s layered past while embracing the [&hellip;]<\/p>\n","protected":false},"author":1,"featured_media":0,"parent":0,"menu_order":0,"comment_status":"closed","ping_status":"closed","template":"","meta":{"footnotes":""},"class_list":["post-2104","page","type-page","status-publish","hentry","post-no-thumbnail"],"_links":{"self":[{"href":"https:\/\/noahotelshanghai.com\/es\/wp-json\/wp\/v2\/pages\/2104","targetHints":{"allow":["GET"]}}],"collection":[{"href":"https:\/\/noahotelshanghai.com\/es\/wp-json\/wp\/v2\/pages"}],"about":[{"href":"https:\/\/noahotelshanghai.com\/es\/wp-json\/wp\/v2\/types\/page"}],"author":[{"embeddable":true,"href":"https:\/\/noahotelshanghai.com\/es\/wp-json\/wp\/v2\/users\/1"}],"replies":[{"embeddable":true,"href":"https:\/\/noahotelshanghai.com\/es\/wp-json\/wp\/v2\/comments?post=2104"}],"version-history":[{"count":0,"href":"https:\/\/noahotelshanghai.com\/es\/wp-json\/wp\/v2\/pages\/2104\/revisions"}],"wp:attachment":[{"href":"https:\/\/noahotelshanghai.com\/es\/wp-json\/wp\/v2\/media?parent=2104"}],"curies":[{"name":"wp","href":"https:\/\/api.w.org\/{rel}","templated":true}]}}