{"id":2104,"date":"2021-03-23T09:33:48","date_gmt":"2021-03-23T09:33:48","guid":{"rendered":"http:\/\/localhost\/nuss\/?page_id=167"},"modified":"2025-09-25T10:45:39","modified_gmt":"2025-09-25T10:45:39","slug":"notre-histoire","status":"publish","type":"page","link":"https:\/\/noahotelshanghai.com\/fr\/our-story\/","title":{"rendered":"Notre histoire"},"content":{"rendered":"<div data-elementor-type=\"wp-page\" data-elementor-id=\"2104\" class=\"elementor elementor-2104\">\n\t\t\t\t\t\t<section class=\"elementor-section elementor-top-section elementor-element elementor-element-8f5bb9d elementor-section-boxed elementor-section-gap-beside-yes elementor-section-height-default elementor-section-height-default elementor-section-column-vertical-align-stretch\" data-id=\"8f5bb9d\" data-element_type=\"section\" data-e-type=\"section\">\n\t\t\t\t\t\t<div class=\"elementor-container elementor-column-gap-extended\">\n\t\t\t\t\t<div class=\"elementor-column elementor-col-100 elementor-top-column elementor-element elementor-element-7ec4215\" data-id=\"7ec4215\" data-element_type=\"column\" data-e-type=\"column\">\n\t\t\t<div class=\"elementor-widget-wrap elementor-element-populated\">\n\t\t\t\t\t\t<div class=\"elementor-element elementor-element-edd9d03 elementor-widget__width-initial elementor-invisible elementor-widget elementor-widget-text-editor\" data-id=\"edd9d03\" data-element_type=\"widget\" data-e-type=\"widget\" data-settings=\"{&quot;_animation&quot;:&quot;nussFadeInUp&quot;}\" data-widget_type=\"text-editor.default\">\n\t\t\t\t\t\t\t\t\t<p><strong data-spm-anchor-id=\"a2ty_o01.29997173.0.i72.7a21c921x6tXs6\">O\u00f9 le patrimoine rencontre l&#039;innovation au c\u0153ur de Shanghai<\/strong><\/p>\t\t\t\t\t\t\t\t<\/div>\n\t\t\t\t\t<\/div>\n\t\t<\/div>\n\t\t\t\t\t<\/div>\n\t\t<\/section>\n\t\t<div class=\"elementor-element elementor-element-ae7e42f e-flex e-con-boxed e-con e-parent\" data-id=\"ae7e42f\" data-element_type=\"container\" data-e-type=\"container\">\n\t\t\t\t\t<div class=\"e-con-inner\">\n\t\t\t\t<div class=\"elementor-element elementor-element-136c3a3 elementor-widget elementor-widget-text-editor\" data-id=\"136c3a3\" data-element_type=\"widget\" data-e-type=\"widget\" data-widget_type=\"text-editor.default\">\n\t\t\t\t\t\t\t\t\t<p>Nich\u00e9 sur le tron\u00e7on calme mais anim\u00e9 de <strong>Route de Wuding dans le district de Jing&#039;an<\/strong>, <strong>H\u00f4tel THE TREASURY\u00b7NOA Shanghai \u2013 Temple Jing&#039;an<\/strong> Plus qu&#039;un lieu de repos, c&#039;est l&#039;incarnation d&#039;une vision : cr\u00e9er un sanctuaire urbain moderne qui honore le pass\u00e9 complexe de Shanghai tout en embrassant l&#039;avenir \u00e0 bras ouverts. Ouvert en <strong>2025<\/strong>, notre h\u00f4tel est le r\u00e9sultat d&#039;un dialogue r\u00e9fl\u00e9chi entre l&#039;architecture, l&#039;hospitalit\u00e9 et le rythme de la vie urbaine - un espace con\u00e7u non seulement pour les voyageurs, mais pour ceux qui cherchent du sens \u00e0 leur voyage.<\/p><div class=\"my-2\">\u00a0<\/div><p>L&#039;histoire de THE TREASURY\u00b7NOA commence par une id\u00e9e simple mais puissante : <strong>dans une ville aussi dynamique que Shanghai, le v\u00e9ritable luxe r\u00e9side dans le calme<\/strong>Le quartier de Jing&#039;an, qui abritait autrefois des demeures coloniales, des salons litt\u00e9raires et des centres spirituels comme l&#039;embl\u00e9matique temple de Jing&#039;an, est depuis longtemps un carrefour de culture, de commerce et de contemplation. Nous avons choisi ce quartier non pas par hasard, mais intentionnellement. <strong>969, chemin Wuding<\/strong>, juste <strong>\u00c0 480 m\u00e8tres de la sortie 3 de la station de m\u00e9tro Changping Road<\/strong>, nous nous trouvons \u00e0 l&#039;intersection du patrimoine et de l&#039;agitation, o\u00f9 des arbres de ginkgo centenaires bordent des rues anim\u00e9es de startups technologiques, de galeries d&#039;art et de magasins de nouilles cach\u00e9s.<\/p><div class=\"my-2\">\u00a0<\/div><p>Notre nom refl\u00e8te cette dualit\u00e9. <strong>&quot;Tr\u00e9sorerie&quot;<\/strong> parle de la richesse de l&#039;histoire de Shanghai, la ville comme un coffre-fort d&#039;histoires, de saveurs et de r\u00eaves. <strong>\u00ab\u00a0NOA\u00a0\u00bb<\/strong>Inspir\u00e9 du mot h\u00e9breu signifiant \u00ab mouvement \u00bb ou \u00ab gr\u00e2ce \u00bb, il symbolise la fluidit\u00e9, l&#039;innovation et la confiance tranquille du design contemporain. Ensemble, ils forment une promesse\u00a0: offrir aux clients une exp\u00e9rience soign\u00e9e, \u00e0 la fois concr\u00e8te et avant-gardiste.<\/p><div class=\"my-2\">\u00a0<\/div><p>D\u00e8s le d\u00e9part, chaque d\u00e9tail de THE TREASURY\u00b7NOA a \u00e9t\u00e9 con\u00e7u selon une approche centr\u00e9e sur l&#039;humain. Nous avons rejet\u00e9 l&#039;id\u00e9e que la nouveaut\u00e9 devait \u00eatre synonyme d&#039;impersonnel. Au contraire, nos int\u00e9rieurs s&#039;int\u00e8grent harmonieusement. <strong>tons de bois chaleureux, \u00e9clairage d&#039;ambiance doux, textiles naturels et lignes minimalistes<\/strong> pour cr\u00e9er des pi\u00e8ces o\u00f9 l&#039;on se sent comme une bouff\u00e9e d&#039;air frais apr\u00e8s une journ\u00e9e pass\u00e9e dans le tourbillon de la ville. Que vous soyez dans un cadre douillet <strong>Chambre Queen Confort de 18 m\u00b2<\/strong> ou un spacieux <strong>Institut King de 30 m\u00b2<\/strong>, vous trouverez de grandes fen\u00eatres qui encadrent l&#039;horizon de Shanghai, des r\u00e9frig\u00e9rateurs pour vos envies de minuit et des espaces de travail qui respectent votre besoin de concentration, car nous pensons que le confort doit servir \u00e0 la fois le repos et le but.<\/p><div class=\"my-2\">\u00a0<\/div><p>Mais notre histoire n\u2019est pas seulement une question d\u2019esth\u00e9tique, elle est aussi une question de <strong>personnes<\/strong>D\u00e8s votre arriv\u00e9e, vous \u00eates accueilli non pas par des formules pr\u00e9tentieuses, mais par une attention sinc\u00e8re. Notre \u00e9quipe de r\u00e9ception disponible 24h\/24 et 7j\/7, compos\u00e9e notamment de membres appr\u00e9ci\u00e9s comme Xiaozhou (souhait\u00e9e par les clients pour avoir prolong\u00e9 les d\u00e9parts tardifs avec le sourire), incarne notre philosophie\u00a0: l&#039;hospitalit\u00e9 comme un acte de gentillesse. M\u00eame notre <strong>robots de service<\/strong>, glissant silencieusement dans les couloirs, font partie de cette vision : la technologie utilis\u00e9e non pas pour remplacer l\u2019humanit\u00e9, mais pour l\u2019am\u00e9liorer, donnant \u00e0 notre \u00e9quipe plus de temps pour se connecter avec vous.<\/p><div class=\"my-2\">\u00a0<\/div><p>Nous honorons \u00e9galement l\u2019avenir du voyage \u00e0 travers la durabilit\u00e9 et l\u2019inclusivit\u00e9. <strong>Parking gratuit sur place<\/strong> (sous r\u00e9serve), <strong>\u00e9quipements adapt\u00e9s aux enfants<\/strong> comme des jouets et des pantoufles, <strong>espaces de coworking<\/strong>, et un <strong>salle de r\u00e9union multifonctionnelle<\/strong> refl\u00e8tent notre engagement \u00e0 servir une client\u00e8le diversifi\u00e9e\u00a0: familles, nomades num\u00e9riques, dirigeants d\u2019entreprise et explorateurs curieux. Et m\u00eame si nous ne disposons ni de piscine ni de salle de sport, nous investissons dans ce qui compte vraiment\u00a0: <strong>propret\u00e9 (not\u00e9e 9,5\/10)<\/strong>, <strong>localisation (9,4\/10)<\/strong>, et <strong>un service qui fait comme \u00e0 la maison<\/strong>.<\/p><div class=\"my-2\">\u00a0<\/div><p>Depuis son ouverture, THE TREASURY\u00b7NOA a accueilli plus de <strong>2 140 invit\u00e9s<\/strong>, avec <strong>65 avis positifs cons\u00e9cutifs<\/strong>\u2014 un t\u00e9moignage discret de la confiance que nous accordent les voyageurs. Nombre d&#039;entre eux viennent pour le confort d&#039;\u00eatre \u00e0 deux pas du m\u00e9tro et \u00e0 quelques minutes de Nanjing Road ou du temple Jing&#039;an. Mais ils restent plus longtemps, reviennent et \u00e9crivent des mots touchants car ils ont trouv\u00e9 quelque chose de rare : un h\u00f4tel qui ne se contente pas de les accueillir, mais qui les accompagne. <em>comprend<\/em> eux.<\/p><div class=\"my-2\">\u00a0<\/div><p data-spm-anchor-id=\"a2ty_o01.29997173.0.i73.7a21c921x6tXs6\"><strong>Voici notre histoire, non pas de grandeur, mais de gr\u00e2ce. Non pas de bruit, mais de nuances.<\/strong><br \/>\u00c0 l&#039;h\u00f4tel THE TREASURY\u00b7NOA Shanghai \u2013 Jing&#039;an Temple, nous ne nous contentons pas d&#039;h\u00e9berger votre s\u00e9jour.<br \/>Nous vous souhaitons la bienvenue dans un chapitre vivant du r\u00e9cit en constante \u00e9volution de Shanghai.<\/p>\t\t\t\t\t\t\t\t<\/div>\n\t\t\t\t\t<\/div>\n\t\t\t\t<\/div>\n\t\t\t\t<section class=\"elementor-section elementor-top-section elementor-element elementor-element-2a6a79e5 elementor-section-stretched elementor-section-boxed elementor-section-gap-beside-yes elementor-section-height-default elementor-section-height-default elementor-section-column-vertical-align-stretch\" data-id=\"2a6a79e5\" data-element_type=\"section\" data-e-type=\"section\" data-settings=\"{&quot;background_background&quot;:&quot;classic&quot;,&quot;stretch_section&quot;:&quot;section-stretched&quot;}\">\n\t\t\t\t\t\t<div class=\"elementor-container elementor-column-gap-extended\">\n\t\t\t\t\t<div class=\"elementor-column elementor-col-100 elementor-top-column elementor-element elementor-element-606d4659\" data-id=\"606d4659\" data-element_type=\"column\" data-e-type=\"column\">\n\t\t\t<div class=\"elementor-widget-wrap elementor-element-populated\">\n\t\t\t\t\t\t<div class=\"elementor-element elementor-element-50d3ec0b elementor-widget elementor-widget-nuss-heading\" data-id=\"50d3ec0b\" data-element_type=\"widget\" data-e-type=\"widget\" data-widget_type=\"nuss-heading.default\">\n\t\t\t\t<div class=\"elementor-widget-container\">\n\t\t\t\t\t\t\t<div class=\"nuss-modern-heading\">\r\n\t\t\t\t\t\t<div class=\"heading-secondary-wrap\">\r\n\t\t\t\t<h3 class=\"heading-secondary elementor-heading-title\">Ch\u00e8que disponible <\/h3>\t\t\t<\/div>\r\n\t\t\r\n\t\t\t\r\n\t\t\t\r\n\t\t\t\t\t<\/div>\r\n\t\t\t\t\t<\/div>\n\t\t\t\t<\/div>\n\t\t\t\t<div class=\"elementor-element elementor-element-1f637b48 elementor-widget elementor-widget-text-editor\" data-id=\"1f637b48\" data-element_type=\"widget\" data-e-type=\"widget\" data-widget_type=\"text-editor.default\">\n\t\t\t\t\t\t\t\t\t<iframe border=\"0\" src=\"https:\/\/www.trip.com\/partners\/ad\/S5563063?Allianceid=4590391&#038;SID=262357964&#038;trip_sub1=\" style=\"width:1200px;height:200px\" frameborder=\"0\" scrolling=\"no\" id=\"S5563063\"><\/iframe>\t\t\t\t\t\t\t\t<\/div>\n\t\t\t\t\t<\/div>\n\t\t<\/div>\n\t\t\t\t\t<\/div>\n\t\t<\/section>\n\t\t\t\t<\/div>","protected":false},"excerpt":{"rendered":"<p>Where Heritage Meets Innovation in the Heart of Shanghai Nestled on the quiet yet vibrant stretch of Wuding Road in Jing\u2019an District, THE TREASURY\u00b7NOA Hotel Shanghai \u2013 Jing\u2019an Temple is more than a place to rest\u2014it\u2019s the embodiment of a vision: to create a modern urban sanctuary that honors Shanghai\u2019s layered past while embracing the [&hellip;]<\/p>\n","protected":false},"author":1,"featured_media":0,"parent":0,"menu_order":0,"comment_status":"closed","ping_status":"closed","template":"","meta":{"footnotes":""},"class_list":["post-2104","page","type-page","status-publish","hentry","post-no-thumbnail"],"_links":{"self":[{"href":"https:\/\/noahotelshanghai.com\/fr\/wp-json\/wp\/v2\/pages\/2104","targetHints":{"allow":["GET"]}}],"collection":[{"href":"https:\/\/noahotelshanghai.com\/fr\/wp-json\/wp\/v2\/pages"}],"about":[{"href":"https:\/\/noahotelshanghai.com\/fr\/wp-json\/wp\/v2\/types\/page"}],"author":[{"embeddable":true,"href":"https:\/\/noahotelshanghai.com\/fr\/wp-json\/wp\/v2\/users\/1"}],"replies":[{"embeddable":true,"href":"https:\/\/noahotelshanghai.com\/fr\/wp-json\/wp\/v2\/comments?post=2104"}],"version-history":[{"count":0,"href":"https:\/\/noahotelshanghai.com\/fr\/wp-json\/wp\/v2\/pages\/2104\/revisions"}],"wp:attachment":[{"href":"https:\/\/noahotelshanghai.com\/fr\/wp-json\/wp\/v2\/media?parent=2104"}],"curies":[{"name":"wp","href":"https:\/\/api.w.org\/{rel}","templated":true}]}}