{"id":5266,"date":"2021-07-18T08:03:35","date_gmt":"2021-07-18T08:03:35","guid":{"rendered":"https:\/\/nuss.uxper.co\/luxury-resort\/?page_id=5266"},"modified":"2025-09-25T09:43:07","modified_gmt":"2025-09-25T09:43:07","slug":"a-propos-de-nous","status":"publish","type":"page","link":"https:\/\/noahotelshanghai.com\/fr\/about-us\/","title":{"rendered":"\u00c0 propos de nous"},"content":{"rendered":"<div data-elementor-type=\"wp-page\" data-elementor-id=\"5266\" class=\"elementor elementor-5266\">\n\t\t\t\t\t\t<section class=\"elementor-section elementor-top-section elementor-element elementor-element-10416953 elementor-section-boxed elementor-section-gap-beside-yes elementor-section-height-default elementor-section-height-default elementor-section-column-vertical-align-stretch\" data-id=\"10416953\" data-element_type=\"section\" data-e-type=\"section\">\n\t\t\t\t\t\t<div class=\"elementor-container elementor-column-gap-extended\">\n\t\t\t\t\t<div class=\"elementor-column elementor-col-100 elementor-top-column elementor-element elementor-element-29c6aa8\" data-id=\"29c6aa8\" data-element_type=\"column\" data-e-type=\"column\">\n\t\t\t<div class=\"elementor-widget-wrap elementor-element-populated\">\n\t\t\t\t\t\t<div class=\"elementor-element elementor-element-7be18fe7 elementor-widget__width-initial elementor-invisible elementor-widget elementor-widget-text-editor\" data-id=\"7be18fe7\" data-element_type=\"widget\" data-e-type=\"widget\" data-settings=\"{&quot;_animation&quot;:&quot;nussFadeInUp&quot;}\" data-widget_type=\"text-editor.default\">\n\t\t\t\t\t\t\t\t\tD\u00e9couvrez THE TREASURY\u00b7NOA Hotel Shanghai \u2013 Jing&#039;an Temple, un havre de paix r\u00e9cemment ouvert (2025) nich\u00e9 au c\u0153ur anim\u00e9 du quartier historique de Jing&#039;an \u00e0 Shanghai. \t\t\t\t\t\t\t\t<\/div>\n\t\t\t\t\t<\/div>\n\t\t<\/div>\n\t\t\t\t\t<\/div>\n\t\t<\/section>\n\t\t\t\t<section class=\"elementor-section elementor-top-section elementor-element elementor-element-7d18327f elementor-section-boxed elementor-section-gap-beside-yes elementor-section-height-default elementor-section-height-default elementor-section-column-vertical-align-stretch\" data-id=\"7d18327f\" data-element_type=\"section\" data-e-type=\"section\">\n\t\t\t\t\t\t<div class=\"elementor-container elementor-column-gap-extended\">\n\t\t\t\t\t<div class=\"elementor-column elementor-col-50 elementor-top-column elementor-element elementor-element-56533670\" data-id=\"56533670\" data-element_type=\"column\" data-e-type=\"column\">\n\t\t\t<div class=\"elementor-widget-wrap elementor-element-populated\">\n\t\t\t\t\t\t<div class=\"elementor-element elementor-element-19c3f543 elementor-invisible elementor-widget elementor-widget-text-editor\" data-id=\"19c3f543\" data-element_type=\"widget\" data-e-type=\"widget\" data-settings=\"{&quot;_animation&quot;:&quot;nussFadeInUp&quot;}\" data-widget_type=\"text-editor.default\">\n\t\t\t\t\t\t\t\t\t<p data-spm-anchor-id=\"a2ty_o01.29997173.0.i44.7a21c921x6tXs6\">Strat\u00e9giquement situ\u00e9 \u00e0 <strong>969, chemin Wuding<\/strong>, juste <strong>\u00c0 480 m\u00e8tres de la sortie 3 de la station de m\u00e9tro Changping Road<\/strong>, cet \u00e9l\u00e9gant h\u00f4tel 4 \u00e9toiles offre un acc\u00e8s facile aux sites embl\u00e9matiques tels que le temple Jing&#039;an, Nanjing Road West et les sc\u00e8nes dynamiques de shopping, de restauration et de culture de la ville.<\/p>\t\t\t\t\t\t\t\t<\/div>\n\t\t\t\t\t<\/div>\n\t\t<\/div>\n\t\t\t\t<div class=\"elementor-column elementor-col-50 elementor-top-column elementor-element elementor-element-30f14127\" data-id=\"30f14127\" data-element_type=\"column\" data-e-type=\"column\">\n\t\t\t<div class=\"elementor-widget-wrap elementor-element-populated\">\n\t\t\t\t\t\t<div class=\"elementor-element elementor-element-59aea08 elementor-widget elementor-widget-image\" data-id=\"59aea08\" data-element_type=\"widget\" data-e-type=\"widget\" data-widget_type=\"image.default\">\n\t\t\t\t\t\t\t\t\t\t\t\t\t\t\t<img fetchpriority=\"high\" decoding=\"async\" width=\"1024\" height=\"682\" src=\"https:\/\/noahotelshanghai.com\/wp-content\/uploads\/2025\/09\/NOA-Hotel-Shanghai-7-1024x682.webp\" class=\"attachment-large size-large wp-image-6367\" alt=\"\" srcset=\"https:\/\/noahotelshanghai.com\/wp-content\/uploads\/2025\/09\/NOA-Hotel-Shanghai-7-1024x682.webp 1024w, https:\/\/noahotelshanghai.com\/wp-content\/uploads\/2025\/09\/NOA-Hotel-Shanghai-7-300x200.webp 300w, https:\/\/noahotelshanghai.com\/wp-content\/uploads\/2025\/09\/NOA-Hotel-Shanghai-7-768x512.webp 768w, https:\/\/noahotelshanghai.com\/wp-content\/uploads\/2025\/09\/NOA-Hotel-Shanghai-7-18x12.webp 18w, https:\/\/noahotelshanghai.com\/wp-content\/uploads\/2025\/09\/NOA-Hotel-Shanghai-7.webp 1280w\" sizes=\"(max-width: 1024px) 100vw, 1024px\" \/>\t\t\t\t\t\t\t\t\t\t\t\t\t\t\t<\/div>\n\t\t\t\t\t<\/div>\n\t\t<\/div>\n\t\t\t\t\t<\/div>\n\t\t<\/section>\n\t\t\t\t<section class=\"elementor-section elementor-top-section elementor-element elementor-element-29fb8578 elementor-section-height-min-height elementor-section-stretched elementor-section-full_width elementor-section-items-stretch elementor-section-height-default elementor-section-column-vertical-align-stretch\" data-id=\"29fb8578\" data-element_type=\"section\" data-e-type=\"section\" data-settings=\"{&quot;stretch_section&quot;:&quot;section-stretched&quot;}\">\n\t\t\t\t\t\t<div class=\"elementor-container elementor-column-gap-no\">\n\t\t\t\t\t<div class=\"elementor-column elementor-col-50 elementor-top-column elementor-element elementor-element-40ac270b\" data-id=\"40ac270b\" data-element_type=\"column\" data-e-type=\"column\">\n\t\t\t<div class=\"elementor-widget-wrap elementor-element-populated\">\n\t\t\t\t\t\t<div class=\"elementor-element elementor-element-20872773 elementor-widget__width-initial elementor-widget-mobile__width-inherit elementor-invisible nuss-elementor-loading nuss-slide-in-right elementor-widget elementor-widget-image\" data-id=\"20872773\" data-element_type=\"widget\" data-e-type=\"widget\" data-settings=\"{&quot;_animation&quot;:&quot;nussSlideInRight&quot;}\" data-widget_type=\"image.default\">\n\t\t\t\t\t\t\t\t\t\t\t\t\t\t\t<img decoding=\"async\" width=\"1280\" height=\"853\" src=\"https:\/\/noahotelshanghai.com\/wp-content\/uploads\/2025\/09\/NOA-Hotel-Shanghai-8.webp\" class=\"attachment-full size-full wp-image-6368\" alt=\"\" srcset=\"https:\/\/noahotelshanghai.com\/wp-content\/uploads\/2025\/09\/NOA-Hotel-Shanghai-8.webp 1280w, https:\/\/noahotelshanghai.com\/wp-content\/uploads\/2025\/09\/NOA-Hotel-Shanghai-8-300x200.webp 300w, https:\/\/noahotelshanghai.com\/wp-content\/uploads\/2025\/09\/NOA-Hotel-Shanghai-8-1024x682.webp 1024w, https:\/\/noahotelshanghai.com\/wp-content\/uploads\/2025\/09\/NOA-Hotel-Shanghai-8-768x512.webp 768w, https:\/\/noahotelshanghai.com\/wp-content\/uploads\/2025\/09\/NOA-Hotel-Shanghai-8-18x12.webp 18w\" sizes=\"(max-width: 1280px) 100vw, 1280px\" \/>\t\t\t\t\t\t\t\t\t\t\t\t\t\t\t<\/div>\n\t\t\t\t\t<\/div>\n\t\t<\/div>\n\t\t\t\t<div class=\"elementor-column elementor-col-50 elementor-top-column elementor-element elementor-element-2dac103\" data-id=\"2dac103\" data-element_type=\"column\" data-e-type=\"column\">\n\t\t\t<div class=\"elementor-widget-wrap elementor-element-populated\">\n\t\t\t\t\t\t<div class=\"elementor-element elementor-element-6f1b8966 elementor-invisible elementor-widget elementor-widget-text-editor\" data-id=\"6f1b8966\" data-element_type=\"widget\" data-e-type=\"widget\" data-settings=\"{&quot;_animation&quot;:&quot;nussFadeInUp&quot;}\" data-widget_type=\"text-editor.default\">\n\t\t\t\t\t\t\t\t\t<p data-spm-anchor-id=\"a2ty_o01.29997173.0.i47.7a21c921x6tXs6\">Con\u00e7u pour les voyageurs modernes qui appr\u00e9cient confort et tranquillit\u00e9, THE TREASURY\u00b7NOA allie \u00e9l\u00e9gance minimaliste et prestations bien pens\u00e9es. Chacune de ses chambres soigneusement am\u00e9nag\u00e9es, allant de la confortable Comfort Queen aux spacieuses Institute King et Terrace Twin, offre un confort contemporain avec Wi-Fi haut d\u00e9bit gratuit, climatisation, salle de bain privative, r\u00e9frig\u00e9rateur et grandes fen\u00eatres laissant entrer la lumi\u00e8re naturelle. Avec des chambres de 18 \u00e0 30 m\u00b2 r\u00e9parties entre les \u00e9tages 4 et 11, l&#039;h\u00f4tel allie \u00e9nergie urbaine et havre de paix.<\/p><p data-spm-anchor-id=\"a2ty_o01.29997173.0.i46.7a21c921x6tXs6\">Les clients b\u00e9n\u00e9ficient d&#039;une multitude de services haut de gamme : un <strong>R\u00e9ception ouverte 24h\/24<\/strong>, <strong>consigne \u00e0 bagages gratuite<\/strong>, <strong>bar et restaurant sur place<\/strong> servant un petit-d\u00e9jeuner buffet chinois-occidental vari\u00e9 (68 CNY par personne), <strong>parking public gratuit<\/strong> (r\u00e9servation obligatoire), et m\u00eame <strong>robots de service<\/strong> pour une touche de confort futuriste. Les voyageurs d&#039;affaires sont bien pris en charge avec un <strong>centre d&#039;affaires enti\u00e8rement \u00e9quip\u00e9<\/strong>, <strong>salle de r\u00e9union multifonctionnelle<\/strong>, et <strong>espaces de coworking<\/strong>, tandis que les familles appr\u00e9cient les attentions adapt\u00e9es aux enfants comme les chaussons, les jouets et les livres pour enfants.<\/p><p data-spm-anchor-id=\"a2ty_o01.29997173.0.i46.7a21c921x6tXs6\">Not\u00e9 <strong>9.4\/10<\/strong> par plus de 2 100 invit\u00e9s**, THE TREASURY\u00b7NOA se distingue par son <strong>propret\u00e9 irr\u00e9prochable<\/strong>, <strong>service attentionn\u00e9<\/strong>, et <strong>emplacement id\u00e9al<\/strong>\u00c0 seulement 5 minutes \u00e0 pied du m\u00e9tro, 12 minutes de la gare de Shanghai et moins de 40 minutes en voiture de l&#039;a\u00e9roport international de Shanghai Hongqiao. Que vous soyez \u00e0 Shanghai pour le plaisir ou les affaires, l&#039;h\u00f4tel THE TREASURY\u00b7NOA vous offre un s\u00e9jour raffin\u00e9, confortable et facilement accessible dans l&#039;un des quartiers les plus pris\u00e9s de la ville.<\/p>\t\t\t\t\t\t\t\t<\/div>\n\t\t\t\t\t<\/div>\n\t\t<\/div>\n\t\t\t\t\t<\/div>\n\t\t<\/section>\n\t\t\t\t<section class=\"elementor-section elementor-top-section elementor-element elementor-element-2092b7d0 elementor-section-stretched elementor-section-boxed elementor-section-gap-beside-yes elementor-section-height-default elementor-section-height-default elementor-section-column-vertical-align-stretch\" data-id=\"2092b7d0\" data-element_type=\"section\" data-e-type=\"section\" data-settings=\"{&quot;background_background&quot;:&quot;classic&quot;,&quot;stretch_section&quot;:&quot;section-stretched&quot;}\">\n\t\t\t\t\t\t<div class=\"elementor-container elementor-column-gap-extended\">\n\t\t\t\t\t<div class=\"elementor-column elementor-col-100 elementor-top-column elementor-element elementor-element-be69d75\" data-id=\"be69d75\" data-element_type=\"column\" data-e-type=\"column\">\n\t\t\t<div class=\"elementor-widget-wrap elementor-element-populated\">\n\t\t\t\t\t\t<div class=\"elementor-element elementor-element-320c022 elementor-widget elementor-widget-nuss-heading\" data-id=\"320c022\" data-element_type=\"widget\" data-e-type=\"widget\" data-widget_type=\"nuss-heading.default\">\n\t\t\t\t<div class=\"elementor-widget-container\">\n\t\t\t\t\t\t\t<div class=\"nuss-modern-heading\">\r\n\t\t\t\t\t\t<div class=\"heading-secondary-wrap\">\r\n\t\t\t\t<h3 class=\"heading-secondary elementor-heading-title\">Ch\u00e8que disponible <\/h3>\t\t\t<\/div>\r\n\t\t\r\n\t\t\t\r\n\t\t\t\r\n\t\t\t\t\t<\/div>\r\n\t\t\t\t\t<\/div>\n\t\t\t\t<\/div>\n\t\t\t\t<div class=\"elementor-element elementor-element-fe69a93 elementor-widget elementor-widget-text-editor\" data-id=\"fe69a93\" data-element_type=\"widget\" data-e-type=\"widget\" data-widget_type=\"text-editor.default\">\n\t\t\t\t\t\t\t\t\t<iframe border=\"0\" src=\"https:\/\/www.trip.com\/partners\/ad\/S5563063?Allianceid=4590391&#038;SID=262357964&#038;trip_sub1=\" style=\"width:1200px;height:200px\" frameborder=\"0\" scrolling=\"no\" id=\"S5563063\"><\/iframe>\t\t\t\t\t\t\t\t<\/div>\n\t\t\t\t\t<\/div>\n\t\t<\/div>\n\t\t\t\t\t<\/div>\n\t\t<\/section>\n\t\t\t\t<\/div>","protected":false},"excerpt":{"rendered":"<p>Discover THE TREASURY\u00b7NOA Hotel Shanghai \u2013 Jing\u2019an Temple, a newly opened (2025) boutique haven nestled in the vibrant heart of Shanghai\u2019s historic Jing\u2019an District. Strategically located at 969 Wuding Road, just 480 meters from Exit 3 of Changping Road Subway Station, this stylish 4-star hotel offers seamless access to iconic landmarks like Jing\u2019an Temple, Nanjing [&hellip;]<\/p>\n","protected":false},"author":1,"featured_media":0,"parent":0,"menu_order":0,"comment_status":"closed","ping_status":"closed","template":"","meta":{"footnotes":""},"class_list":["post-5266","page","type-page","status-publish","hentry","post-no-thumbnail"],"_links":{"self":[{"href":"https:\/\/noahotelshanghai.com\/fr\/wp-json\/wp\/v2\/pages\/5266","targetHints":{"allow":["GET"]}}],"collection":[{"href":"https:\/\/noahotelshanghai.com\/fr\/wp-json\/wp\/v2\/pages"}],"about":[{"href":"https:\/\/noahotelshanghai.com\/fr\/wp-json\/wp\/v2\/types\/page"}],"author":[{"embeddable":true,"href":"https:\/\/noahotelshanghai.com\/fr\/wp-json\/wp\/v2\/users\/1"}],"replies":[{"embeddable":true,"href":"https:\/\/noahotelshanghai.com\/fr\/wp-json\/wp\/v2\/comments?post=5266"}],"version-history":[{"count":0,"href":"https:\/\/noahotelshanghai.com\/fr\/wp-json\/wp\/v2\/pages\/5266\/revisions"}],"wp:attachment":[{"href":"https:\/\/noahotelshanghai.com\/fr\/wp-json\/wp\/v2\/media?parent=5266"}],"curies":[{"name":"wp","href":"https:\/\/api.w.org\/{rel}","templated":true}]}}